{"id":146,"date":"2022-05-26T08:37:51","date_gmt":"2022-05-26T02:37:51","guid":{"rendered":"http:\/\/localhost:8888\/Valley\/wordpress\/?page_id=146"},"modified":"2024-08-16T03:05:34","modified_gmt":"2024-08-15T21:05:34","slug":"teaching-staff","status":"publish","type":"page","link":"https:\/\/www.valleyinternationalschool.edu.ni\/es\/teaching-staff\/","title":{"rendered":"Docentes"},"content":{"rendered":"<div data-elementor-type=\"wp-page\" data-elementor-id=\"146\" class=\"elementor elementor-146\">\n\t\t\t\t\t\t<section class=\"elementor-section elementor-top-section elementor-element elementor-element-3caafa2 elementor-section-boxed elementor-section-height-default elementor-section-height-default\" data-id=\"3caafa2\" data-element_type=\"section\" data-e-type=\"section\">\n\t\t\t\t\t\t<div class=\"elementor-container elementor-column-gap-default\">\n\t\t\t\t\t<div class=\"elementor-column elementor-col-100 elementor-top-column elementor-element elementor-element-4318832a\" data-id=\"4318832a\" data-element_type=\"column\" data-e-type=\"column\">\n\t\t\t<div class=\"elementor-widget-wrap elementor-element-populated\">\n\t\t\t\t\t\t<div class=\"elementor-element elementor-element-7ed180dd elementor-widget elementor-widget-text-editor\" data-id=\"7ed180dd\" data-element_type=\"widget\" data-e-type=\"widget\" data-widget_type=\"text-editor.default\">\n\t\t\t\t<div class=\"elementor-widget-container\">\n\t\t\t\t\t\t\t\t\t\n<h2><strong>Nuestros Docentes<\/strong><\/h2>\n\n<p>Nuestro personal cuenta con una preparaci\u00f3n altamente calificada en el \u00e1mbito pedag\u00f3gico, t\u00e9cnico, psicosocial y tecnol\u00f3gico, con herramientas de la educaci\u00f3n blended learning.\n\nEl v\u00ednculo con los padres de familia para alcanzar la meta de excelencia es clave en el trinomio profesor\u2013alumno-colegio.<\/p>\n\t\t\t\t\t\t\t\t<\/div>\n\t\t\t\t<\/div>\n\t\t\t\t<div class=\"elementor-element elementor-element-9ed3e9c elementor-widget-divider--view-line elementor-widget elementor-widget-divider\" data-id=\"9ed3e9c\" data-element_type=\"widget\" data-e-type=\"widget\" data-widget_type=\"divider.default\">\n\t\t\t\t<div class=\"elementor-widget-container\">\n\t\t\t\t\t\t\t<div class=\"elementor-divider\">\n\t\t\t<span class=\"elementor-divider-separator\">\n\t\t\t\t\t\t<\/span>\n\t\t<\/div>\n\t\t\t\t\t\t<\/div>\n\t\t\t\t<\/div>\n\t\t\t\t\t<\/div>\n\t\t<\/div>\n\t\t\t\t\t<\/div>\n\t\t<\/section>\n\t\t\t\t<\/div>","protected":false},"excerpt":{"rendered":"<p>Our teaching staff Our highly qualified staff has a specialized training in the pedagogical, technical, psychosocial and technological field, with the necessary tools of blended learning education. Our relationship with all the parents to achieve goals of excellency is key in the teacher-student-school trinomial relationship.<\/p>","protected":false},"author":3,"featured_media":0,"parent":0,"menu_order":0,"comment_status":"closed","ping_status":"closed","template":"","meta":{"footnotes":""},"class_list":["post-146","page","type-page","status-publish","hentry"],"yoast_head":"<!-- This site is optimized with the Yoast SEO plugin v27.5 - https:\/\/yoast.com\/product\/yoast-seo-wordpress\/ -->\n<title>Teaching Staff - Valley International School<\/title>\n<meta name=\"robots\" content=\"index, follow, max-snippet:-1, max-image-preview:large, max-video-preview:-1\" \/>\n<link rel=\"canonical\" href=\"https:\/\/www.valleyinternationalschool.edu.ni\/es\/teaching-staff\/\" \/>\n<meta property=\"og:locale\" content=\"es_ES\" \/>\n<meta property=\"og:type\" content=\"article\" \/>\n<meta property=\"og:title\" content=\"Teaching Staff - Valley International School\" \/>\n<meta property=\"og:description\" content=\"Our teaching staff Our highly qualified staff has a specialized training in the pedagogical, technical, psychosocial and technological field, with the necessary tools of blended learning education. Our relationship with all the parents to achieve goals of excellency is key in the teacher-student-school trinomial relationship.\" \/>\n<meta property=\"og:url\" content=\"https:\/\/www.valleyinternationalschool.edu.ni\/es\/teaching-staff\/\" \/>\n<meta property=\"og:site_name\" content=\"Valley International School\" \/>\n<meta property=\"article:modified_time\" content=\"2024-08-15T21:05:34+00:00\" \/>\n<meta name=\"twitter:card\" content=\"summary_large_image\" \/>\n<meta name=\"twitter:label1\" content=\"Tiempo de lectura\" \/>\n\t<meta name=\"twitter:data1\" content=\"1 minuto\" \/>\n<script type=\"application\/ld+json\" class=\"yoast-schema-graph\">{\"@context\":\"https:\\\/\\\/schema.org\",\"@graph\":[{\"@type\":\"WebPage\",\"@id\":\"https:\\\/\\\/www.valleyinternationalschool.edu.ni\\\/teaching-staff\\\/\",\"url\":\"https:\\\/\\\/www.valleyinternationalschool.edu.ni\\\/teaching-staff\\\/\",\"name\":\"Teaching Staff - Valley International School\",\"isPartOf\":{\"@id\":\"https:\\\/\\\/www.valleyinternationalschool.edu.ni\\\/es\\\/#website\"},\"datePublished\":\"2022-05-26T02:37:51+00:00\",\"dateModified\":\"2024-08-15T21:05:34+00:00\",\"breadcrumb\":{\"@id\":\"https:\\\/\\\/www.valleyinternationalschool.edu.ni\\\/teaching-staff\\\/#breadcrumb\"},\"inLanguage\":\"es\",\"potentialAction\":[{\"@type\":\"ReadAction\",\"target\":[\"https:\\\/\\\/www.valleyinternationalschool.edu.ni\\\/teaching-staff\\\/\"]}]},{\"@type\":\"BreadcrumbList\",\"@id\":\"https:\\\/\\\/www.valleyinternationalschool.edu.ni\\\/teaching-staff\\\/#breadcrumb\",\"itemListElement\":[{\"@type\":\"ListItem\",\"position\":1,\"name\":\"Portada\",\"item\":\"https:\\\/\\\/www.valleyinternationalschool.edu.ni\\\/es\\\/\"},{\"@type\":\"ListItem\",\"position\":2,\"name\":\"Teaching Staff\"}]},{\"@type\":\"WebSite\",\"@id\":\"https:\\\/\\\/www.valleyinternationalschool.edu.ni\\\/es\\\/#website\",\"url\":\"https:\\\/\\\/www.valleyinternationalschool.edu.ni\\\/es\\\/\",\"name\":\"Valley International School\",\"description\":\"Honor - Respect - Care - Discipline\",\"publisher\":{\"@id\":\"https:\\\/\\\/www.valleyinternationalschool.edu.ni\\\/es\\\/#organization\"},\"potentialAction\":[{\"@type\":\"SearchAction\",\"target\":{\"@type\":\"EntryPoint\",\"urlTemplate\":\"https:\\\/\\\/www.valleyinternationalschool.edu.ni\\\/es\\\/?s={search_term_string}\"},\"query-input\":{\"@type\":\"PropertyValueSpecification\",\"valueRequired\":true,\"valueName\":\"search_term_string\"}}],\"inLanguage\":\"es\"},{\"@type\":\"Organization\",\"@id\":\"https:\\\/\\\/www.valleyinternationalschool.edu.ni\\\/es\\\/#organization\",\"name\":\"Valley International School\",\"url\":\"https:\\\/\\\/www.valleyinternationalschool.edu.ni\\\/es\\\/\",\"logo\":{\"@type\":\"ImageObject\",\"inLanguage\":\"es\",\"@id\":\"https:\\\/\\\/www.valleyinternationalschool.edu.ni\\\/es\\\/#\\\/schema\\\/logo\\\/image\\\/\",\"url\":\"https:\\\/\\\/www.valleyinternationalschool.edu.ni\\\/wp-content\\\/uploads\\\/2022\\\/06\\\/logo-horizontal-72px.png\",\"contentUrl\":\"https:\\\/\\\/www.valleyinternationalschool.edu.ni\\\/wp-content\\\/uploads\\\/2022\\\/06\\\/logo-horizontal-72px.png\",\"width\":513,\"height\":250,\"caption\":\"Valley International School\"},\"image\":{\"@id\":\"https:\\\/\\\/www.valleyinternationalschool.edu.ni\\\/es\\\/#\\\/schema\\\/logo\\\/image\\\/\"}}]}<\/script>\n<!-- \/ Yoast SEO plugin. -->","yoast_head_json":{"title":"Teaching Staff - Valley International School","robots":{"index":"index","follow":"follow","max-snippet":"max-snippet:-1","max-image-preview":"max-image-preview:large","max-video-preview":"max-video-preview:-1"},"canonical":"https:\/\/www.valleyinternationalschool.edu.ni\/es\/teaching-staff\/","og_locale":"es_ES","og_type":"article","og_title":"Teaching Staff - Valley International School","og_description":"Our teaching staff Our highly qualified staff has a specialized training in the pedagogical, technical, psychosocial and technological field, with the necessary tools of blended learning education. Our relationship with all the parents to achieve goals of excellency is key in the teacher-student-school trinomial relationship.","og_url":"https:\/\/www.valleyinternationalschool.edu.ni\/es\/teaching-staff\/","og_site_name":"Valley International School","article_modified_time":"2024-08-15T21:05:34+00:00","twitter_card":"summary_large_image","twitter_misc":{"Tiempo de lectura":"1 minuto"},"schema":{"@context":"https:\/\/schema.org","@graph":[{"@type":"WebPage","@id":"https:\/\/www.valleyinternationalschool.edu.ni\/teaching-staff\/","url":"https:\/\/www.valleyinternationalschool.edu.ni\/teaching-staff\/","name":"Teaching Staff - Valley International School","isPartOf":{"@id":"https:\/\/www.valleyinternationalschool.edu.ni\/es\/#website"},"datePublished":"2022-05-26T02:37:51+00:00","dateModified":"2024-08-15T21:05:34+00:00","breadcrumb":{"@id":"https:\/\/www.valleyinternationalschool.edu.ni\/teaching-staff\/#breadcrumb"},"inLanguage":"es","potentialAction":[{"@type":"ReadAction","target":["https:\/\/www.valleyinternationalschool.edu.ni\/teaching-staff\/"]}]},{"@type":"BreadcrumbList","@id":"https:\/\/www.valleyinternationalschool.edu.ni\/teaching-staff\/#breadcrumb","itemListElement":[{"@type":"ListItem","position":1,"name":"Portada","item":"https:\/\/www.valleyinternationalschool.edu.ni\/es\/"},{"@type":"ListItem","position":2,"name":"Teaching Staff"}]},{"@type":"WebSite","@id":"https:\/\/www.valleyinternationalschool.edu.ni\/es\/#website","url":"https:\/\/www.valleyinternationalschool.edu.ni\/es\/","name":"Valley International School","description":"Honor - Respect - Care - Discipline","publisher":{"@id":"https:\/\/www.valleyinternationalschool.edu.ni\/es\/#organization"},"potentialAction":[{"@type":"SearchAction","target":{"@type":"EntryPoint","urlTemplate":"https:\/\/www.valleyinternationalschool.edu.ni\/es\/?s={search_term_string}"},"query-input":{"@type":"PropertyValueSpecification","valueRequired":true,"valueName":"search_term_string"}}],"inLanguage":"es"},{"@type":"Organization","@id":"https:\/\/www.valleyinternationalschool.edu.ni\/es\/#organization","name":"Valley International School","url":"https:\/\/www.valleyinternationalschool.edu.ni\/es\/","logo":{"@type":"ImageObject","inLanguage":"es","@id":"https:\/\/www.valleyinternationalschool.edu.ni\/es\/#\/schema\/logo\/image\/","url":"https:\/\/www.valleyinternationalschool.edu.ni\/wp-content\/uploads\/2022\/06\/logo-horizontal-72px.png","contentUrl":"https:\/\/www.valleyinternationalschool.edu.ni\/wp-content\/uploads\/2022\/06\/logo-horizontal-72px.png","width":513,"height":250,"caption":"Valley International School"},"image":{"@id":"https:\/\/www.valleyinternationalschool.edu.ni\/es\/#\/schema\/logo\/image\/"}}]}},"_links":{"self":[{"href":"https:\/\/www.valleyinternationalschool.edu.ni\/es\/wp-json\/wp\/v2\/pages\/146","targetHints":{"allow":["GET"]}}],"collection":[{"href":"https:\/\/www.valleyinternationalschool.edu.ni\/es\/wp-json\/wp\/v2\/pages"}],"about":[{"href":"https:\/\/www.valleyinternationalschool.edu.ni\/es\/wp-json\/wp\/v2\/types\/page"}],"author":[{"embeddable":true,"href":"https:\/\/www.valleyinternationalschool.edu.ni\/es\/wp-json\/wp\/v2\/users\/3"}],"replies":[{"embeddable":true,"href":"https:\/\/www.valleyinternationalschool.edu.ni\/es\/wp-json\/wp\/v2\/comments?post=146"}],"version-history":[{"count":53,"href":"https:\/\/www.valleyinternationalschool.edu.ni\/es\/wp-json\/wp\/v2\/pages\/146\/revisions"}],"predecessor-version":[{"id":802,"href":"https:\/\/www.valleyinternationalschool.edu.ni\/es\/wp-json\/wp\/v2\/pages\/146\/revisions\/802"}],"wp:attachment":[{"href":"https:\/\/www.valleyinternationalschool.edu.ni\/es\/wp-json\/wp\/v2\/media?parent=146"}],"curies":[{"name":"wp","href":"https:\/\/api.w.org\/{rel}","templated":true}]}}