{"id":139,"date":"2022-04-27T03:10:09","date_gmt":"2022-04-26T21:10:09","guid":{"rendered":"http:\/\/localhost:8888\/Valley\/wordpress\/?page_id=139"},"modified":"2024-01-05T21:55:44","modified_gmt":"2024-01-05T15:55:44","slug":"presentation","status":"publish","type":"page","link":"https:\/\/www.valleyinternationalschool.edu.ni\/es\/presentation\/","title":{"rendered":"Admisiones"},"content":{"rendered":"<div data-elementor-type=\"wp-page\" data-elementor-id=\"139\" class=\"elementor elementor-139\">\n\t\t\t\t\t\t<section class=\"elementor-section elementor-top-section elementor-element elementor-element-2bc4e241 elementor-section-boxed elementor-section-height-default elementor-section-height-default\" data-id=\"2bc4e241\" data-element_type=\"section\" data-e-type=\"section\">\n\t\t\t\t\t\t<div class=\"elementor-container elementor-column-gap-default\">\n\t\t\t\t\t<div class=\"elementor-column elementor-col-100 elementor-top-column elementor-element elementor-element-be1d685\" data-id=\"be1d685\" data-element_type=\"column\" data-e-type=\"column\">\n\t\t\t<div class=\"elementor-widget-wrap\">\n\t\t\t\t\t\t\t<\/div>\n\t\t<\/div>\n\t\t\t\t\t<\/div>\n\t\t<\/section>\n\t\t\t\t<section class=\"elementor-section elementor-top-section elementor-element elementor-element-885c898 elementor-section-boxed elementor-section-height-default elementor-section-height-default\" data-id=\"885c898\" data-element_type=\"section\" data-e-type=\"section\">\n\t\t\t\t\t\t<div class=\"elementor-container elementor-column-gap-default\">\n\t\t\t\t\t<div class=\"elementor-column elementor-col-50 elementor-top-column elementor-element elementor-element-112ae18\" data-id=\"112ae18\" data-element_type=\"column\" data-e-type=\"column\">\n\t\t\t<div class=\"elementor-widget-wrap elementor-element-populated\">\n\t\t\t\t\t\t<div class=\"elementor-element elementor-element-1f03008 elementor-widget elementor-widget-image\" data-id=\"1f03008\" data-element_type=\"widget\" data-e-type=\"widget\" data-widget_type=\"image.default\">\n\t\t\t\t<div class=\"elementor-widget-container\">\n\t\t\t\t\t\t\t\t\t\t\t\t\t\t\t<img fetchpriority=\"high\" decoding=\"async\" width=\"640\" height=\"521\" src=\"https:\/\/www.valleyinternationalschool.edu.ni\/wp-content\/uploads\/2022\/05\/Chicos01-1024x833.jpg\" class=\"attachment-large size-large wp-image-246\" alt=\"\" srcset=\"https:\/\/www.valleyinternationalschool.edu.ni\/wp-content\/uploads\/2022\/05\/Chicos01-1024x833.jpg 1024w, https:\/\/www.valleyinternationalschool.edu.ni\/wp-content\/uploads\/2022\/05\/Chicos01-300x244.jpg 300w, https:\/\/www.valleyinternationalschool.edu.ni\/wp-content\/uploads\/2022\/05\/Chicos01-768x624.jpg 768w, https:\/\/www.valleyinternationalschool.edu.ni\/wp-content\/uploads\/2022\/05\/Chicos01.jpg 1054w\" sizes=\"(max-width: 640px) 100vw, 640px\" \/>\t\t\t\t\t\t\t\t\t\t\t\t\t\t\t<\/div>\n\t\t\t\t<\/div>\n\t\t\t\t\t<\/div>\n\t\t<\/div>\n\t\t\t\t<div class=\"elementor-column elementor-col-50 elementor-top-column elementor-element elementor-element-b65b885\" data-id=\"b65b885\" data-element_type=\"column\" data-e-type=\"column\">\n\t\t\t<div class=\"elementor-widget-wrap elementor-element-populated\">\n\t\t\t\t\t\t<div class=\"elementor-element elementor-element-3e335a0a elementor-widget elementor-widget-text-editor\" data-id=\"3e335a0a\" data-element_type=\"widget\" data-e-type=\"widget\" data-widget_type=\"text-editor.default\">\n\t\t\t\t<div class=\"elementor-widget-container\">\n\t\t\t\t\t\t\t\t\t\n<p><span style=\"color: #000080;\"><strong>Presentaci\u00f3n<\/strong><\/span><\/p>\n\n<p>En Valley International School garantizamos la formaci\u00f3n de calidad en el alumno, con valores \u00e9ticos, liderazgo, interculturalidad, manejo de emociones, desarrollo cient\u00edfico y tecnol\u00f3gico.<\/p>\n\n<p>Ofrece educaci\u00f3n individualizada, incentivando y estimulando al estudiante para que optimice sus logros acad\u00e9micos y despliegue su sensibilidad humana.<\/p>\n<p>Trabajamos en un ambiente arm\u00f3nico, donde se desarrollan competencias mediante una ense\u00f1anza integral.<\/p>\n\t\t\t\t\t\t\t\t<\/div>\n\t\t\t\t<\/div>\n\t\t\t\t\t<\/div>\n\t\t<\/div>\n\t\t\t\t\t<\/div>\n\t\t<\/section>\n\t\t\t\t<\/div>","protected":false},"excerpt":{"rendered":"<p>Presentation \/ Presentaci\u00f3n At Valley International School we guarantee quality education and training, always promoting ethical values, leadership, intercultural relations, emotion management, scientific, and technological development to all our students. Our school offers individualized education, encouraging all the students to optimize their academic achievements, and promoting their human sensitivity. We work in a harmonious professional [&hellip;]<\/p>\n","protected":false},"author":3,"featured_media":0,"parent":0,"menu_order":0,"comment_status":"closed","ping_status":"closed","template":"","meta":{"footnotes":""},"class_list":["post-139","page","type-page","status-publish","hentry"],"yoast_head":"<!-- This site is optimized with the Yoast SEO plugin v27.5 - https:\/\/yoast.com\/product\/yoast-seo-wordpress\/ -->\n<title>Valley International School - Admissions<\/title>\n<meta name=\"description\" content=\"At Valley International School we guarantee quality education and training, always promoting ethical values, leadership, intercultural...\" \/>\n<meta name=\"robots\" content=\"index, follow, max-snippet:-1, max-image-preview:large, max-video-preview:-1\" \/>\n<link rel=\"canonical\" href=\"https:\/\/www.valleyinternationalschool.edu.ni\/es\/presentation\/\" \/>\n<meta property=\"og:locale\" content=\"es_ES\" \/>\n<meta property=\"og:type\" content=\"article\" \/>\n<meta property=\"og:title\" content=\"Valley International School - Admissions\" \/>\n<meta property=\"og:description\" content=\"At Valley International School we guarantee quality education and training, always promoting ethical values, leadership, intercultural...\" \/>\n<meta property=\"og:url\" content=\"https:\/\/www.valleyinternationalschool.edu.ni\/es\/presentation\/\" \/>\n<meta property=\"og:site_name\" content=\"Valley International School\" \/>\n<meta property=\"article:modified_time\" content=\"2024-01-05T15:55:44+00:00\" \/>\n<meta property=\"og:image\" content=\"http:\/\/localhost:8888\/Valley\/wordpress\/wp-content\/uploads\/2022\/05\/Chicos01-1024x833.jpg\" \/>\n<meta name=\"twitter:card\" content=\"summary_large_image\" \/>\n<meta name=\"twitter:label1\" content=\"Tiempo de lectura\" \/>\n\t<meta name=\"twitter:data1\" content=\"1 minuto\" \/>\n<script type=\"application\/ld+json\" class=\"yoast-schema-graph\">{\"@context\":\"https:\\\/\\\/schema.org\",\"@graph\":[{\"@type\":\"WebPage\",\"@id\":\"https:\\\/\\\/www.valleyinternationalschool.edu.ni\\\/presentation\\\/\",\"url\":\"https:\\\/\\\/www.valleyinternationalschool.edu.ni\\\/presentation\\\/\",\"name\":\"Valley International School - Admissions\",\"isPartOf\":{\"@id\":\"https:\\\/\\\/www.valleyinternationalschool.edu.ni\\\/es\\\/#website\"},\"primaryImageOfPage\":{\"@id\":\"https:\\\/\\\/www.valleyinternationalschool.edu.ni\\\/presentation\\\/#primaryimage\"},\"image\":{\"@id\":\"https:\\\/\\\/www.valleyinternationalschool.edu.ni\\\/presentation\\\/#primaryimage\"},\"thumbnailUrl\":\"http:\\\/\\\/localhost:8888\\\/Valley\\\/wordpress\\\/wp-content\\\/uploads\\\/2022\\\/05\\\/Chicos01-1024x833.jpg\",\"datePublished\":\"2022-04-26T21:10:09+00:00\",\"dateModified\":\"2024-01-05T15:55:44+00:00\",\"description\":\"At Valley International School we guarantee quality education and training, always promoting ethical values, leadership, intercultural...\",\"breadcrumb\":{\"@id\":\"https:\\\/\\\/www.valleyinternationalschool.edu.ni\\\/presentation\\\/#breadcrumb\"},\"inLanguage\":\"es\",\"potentialAction\":[{\"@type\":\"ReadAction\",\"target\":[\"https:\\\/\\\/www.valleyinternationalschool.edu.ni\\\/presentation\\\/\"]}]},{\"@type\":\"ImageObject\",\"inLanguage\":\"es\",\"@id\":\"https:\\\/\\\/www.valleyinternationalschool.edu.ni\\\/presentation\\\/#primaryimage\",\"url\":\"http:\\\/\\\/localhost:8888\\\/Valley\\\/wordpress\\\/wp-content\\\/uploads\\\/2022\\\/05\\\/Chicos01-1024x833.jpg\",\"contentUrl\":\"http:\\\/\\\/localhost:8888\\\/Valley\\\/wordpress\\\/wp-content\\\/uploads\\\/2022\\\/05\\\/Chicos01-1024x833.jpg\"},{\"@type\":\"BreadcrumbList\",\"@id\":\"https:\\\/\\\/www.valleyinternationalschool.edu.ni\\\/presentation\\\/#breadcrumb\",\"itemListElement\":[{\"@type\":\"ListItem\",\"position\":1,\"name\":\"Portada\",\"item\":\"https:\\\/\\\/www.valleyinternationalschool.edu.ni\\\/es\\\/\"},{\"@type\":\"ListItem\",\"position\":2,\"name\":\"Admissions\"}]},{\"@type\":\"WebSite\",\"@id\":\"https:\\\/\\\/www.valleyinternationalschool.edu.ni\\\/es\\\/#website\",\"url\":\"https:\\\/\\\/www.valleyinternationalschool.edu.ni\\\/es\\\/\",\"name\":\"Valley International School\",\"description\":\"Honor - Respect - Care - Discipline\",\"publisher\":{\"@id\":\"https:\\\/\\\/www.valleyinternationalschool.edu.ni\\\/es\\\/#organization\"},\"potentialAction\":[{\"@type\":\"SearchAction\",\"target\":{\"@type\":\"EntryPoint\",\"urlTemplate\":\"https:\\\/\\\/www.valleyinternationalschool.edu.ni\\\/es\\\/?s={search_term_string}\"},\"query-input\":{\"@type\":\"PropertyValueSpecification\",\"valueRequired\":true,\"valueName\":\"search_term_string\"}}],\"inLanguage\":\"es\"},{\"@type\":\"Organization\",\"@id\":\"https:\\\/\\\/www.valleyinternationalschool.edu.ni\\\/es\\\/#organization\",\"name\":\"Valley International School\",\"url\":\"https:\\\/\\\/www.valleyinternationalschool.edu.ni\\\/es\\\/\",\"logo\":{\"@type\":\"ImageObject\",\"inLanguage\":\"es\",\"@id\":\"https:\\\/\\\/www.valleyinternationalschool.edu.ni\\\/es\\\/#\\\/schema\\\/logo\\\/image\\\/\",\"url\":\"https:\\\/\\\/www.valleyinternationalschool.edu.ni\\\/wp-content\\\/uploads\\\/2022\\\/06\\\/logo-horizontal-72px.png\",\"contentUrl\":\"https:\\\/\\\/www.valleyinternationalschool.edu.ni\\\/wp-content\\\/uploads\\\/2022\\\/06\\\/logo-horizontal-72px.png\",\"width\":513,\"height\":250,\"caption\":\"Valley International School\"},\"image\":{\"@id\":\"https:\\\/\\\/www.valleyinternationalschool.edu.ni\\\/es\\\/#\\\/schema\\\/logo\\\/image\\\/\"}}]}<\/script>\n<!-- \/ Yoast SEO plugin. -->","yoast_head_json":{"title":"Valley International School - Admissions","description":"At Valley International School we guarantee quality education and training, always promoting ethical values, leadership, intercultural...","robots":{"index":"index","follow":"follow","max-snippet":"max-snippet:-1","max-image-preview":"max-image-preview:large","max-video-preview":"max-video-preview:-1"},"canonical":"https:\/\/www.valleyinternationalschool.edu.ni\/es\/presentation\/","og_locale":"es_ES","og_type":"article","og_title":"Valley International School - Admissions","og_description":"At Valley International School we guarantee quality education and training, always promoting ethical values, leadership, intercultural...","og_url":"https:\/\/www.valleyinternationalschool.edu.ni\/es\/presentation\/","og_site_name":"Valley International School","article_modified_time":"2024-01-05T15:55:44+00:00","og_image":[{"url":"http:\/\/localhost:8888\/Valley\/wordpress\/wp-content\/uploads\/2022\/05\/Chicos01-1024x833.jpg","type":"","width":"","height":""}],"twitter_card":"summary_large_image","twitter_misc":{"Tiempo de lectura":"1 minuto"},"schema":{"@context":"https:\/\/schema.org","@graph":[{"@type":"WebPage","@id":"https:\/\/www.valleyinternationalschool.edu.ni\/presentation\/","url":"https:\/\/www.valleyinternationalschool.edu.ni\/presentation\/","name":"Valley International School - Admissions","isPartOf":{"@id":"https:\/\/www.valleyinternationalschool.edu.ni\/es\/#website"},"primaryImageOfPage":{"@id":"https:\/\/www.valleyinternationalschool.edu.ni\/presentation\/#primaryimage"},"image":{"@id":"https:\/\/www.valleyinternationalschool.edu.ni\/presentation\/#primaryimage"},"thumbnailUrl":"http:\/\/localhost:8888\/Valley\/wordpress\/wp-content\/uploads\/2022\/05\/Chicos01-1024x833.jpg","datePublished":"2022-04-26T21:10:09+00:00","dateModified":"2024-01-05T15:55:44+00:00","description":"At Valley International School we guarantee quality education and training, always promoting ethical values, leadership, intercultural...","breadcrumb":{"@id":"https:\/\/www.valleyinternationalschool.edu.ni\/presentation\/#breadcrumb"},"inLanguage":"es","potentialAction":[{"@type":"ReadAction","target":["https:\/\/www.valleyinternationalschool.edu.ni\/presentation\/"]}]},{"@type":"ImageObject","inLanguage":"es","@id":"https:\/\/www.valleyinternationalschool.edu.ni\/presentation\/#primaryimage","url":"http:\/\/localhost:8888\/Valley\/wordpress\/wp-content\/uploads\/2022\/05\/Chicos01-1024x833.jpg","contentUrl":"http:\/\/localhost:8888\/Valley\/wordpress\/wp-content\/uploads\/2022\/05\/Chicos01-1024x833.jpg"},{"@type":"BreadcrumbList","@id":"https:\/\/www.valleyinternationalschool.edu.ni\/presentation\/#breadcrumb","itemListElement":[{"@type":"ListItem","position":1,"name":"Portada","item":"https:\/\/www.valleyinternationalschool.edu.ni\/es\/"},{"@type":"ListItem","position":2,"name":"Admissions"}]},{"@type":"WebSite","@id":"https:\/\/www.valleyinternationalschool.edu.ni\/es\/#website","url":"https:\/\/www.valleyinternationalschool.edu.ni\/es\/","name":"Valley International School","description":"Honor - Respect - Care - Discipline","publisher":{"@id":"https:\/\/www.valleyinternationalschool.edu.ni\/es\/#organization"},"potentialAction":[{"@type":"SearchAction","target":{"@type":"EntryPoint","urlTemplate":"https:\/\/www.valleyinternationalschool.edu.ni\/es\/?s={search_term_string}"},"query-input":{"@type":"PropertyValueSpecification","valueRequired":true,"valueName":"search_term_string"}}],"inLanguage":"es"},{"@type":"Organization","@id":"https:\/\/www.valleyinternationalschool.edu.ni\/es\/#organization","name":"Valley International School","url":"https:\/\/www.valleyinternationalschool.edu.ni\/es\/","logo":{"@type":"ImageObject","inLanguage":"es","@id":"https:\/\/www.valleyinternationalschool.edu.ni\/es\/#\/schema\/logo\/image\/","url":"https:\/\/www.valleyinternationalschool.edu.ni\/wp-content\/uploads\/2022\/06\/logo-horizontal-72px.png","contentUrl":"https:\/\/www.valleyinternationalschool.edu.ni\/wp-content\/uploads\/2022\/06\/logo-horizontal-72px.png","width":513,"height":250,"caption":"Valley International School"},"image":{"@id":"https:\/\/www.valleyinternationalschool.edu.ni\/es\/#\/schema\/logo\/image\/"}}]}},"_links":{"self":[{"href":"https:\/\/www.valleyinternationalschool.edu.ni\/es\/wp-json\/wp\/v2\/pages\/139","targetHints":{"allow":["GET"]}}],"collection":[{"href":"https:\/\/www.valleyinternationalschool.edu.ni\/es\/wp-json\/wp\/v2\/pages"}],"about":[{"href":"https:\/\/www.valleyinternationalschool.edu.ni\/es\/wp-json\/wp\/v2\/types\/page"}],"author":[{"embeddable":true,"href":"https:\/\/www.valleyinternationalschool.edu.ni\/es\/wp-json\/wp\/v2\/users\/3"}],"replies":[{"embeddable":true,"href":"https:\/\/www.valleyinternationalschool.edu.ni\/es\/wp-json\/wp\/v2\/comments?post=139"}],"version-history":[{"count":22,"href":"https:\/\/www.valleyinternationalschool.edu.ni\/es\/wp-json\/wp\/v2\/pages\/139\/revisions"}],"predecessor-version":[{"id":576,"href":"https:\/\/www.valleyinternationalschool.edu.ni\/es\/wp-json\/wp\/v2\/pages\/139\/revisions\/576"}],"wp:attachment":[{"href":"https:\/\/www.valleyinternationalschool.edu.ni\/es\/wp-json\/wp\/v2\/media?parent=139"}],"curies":[{"name":"wp","href":"https:\/\/api.w.org\/{rel}","templated":true}]}}